{"id":115,"date":"2025-04-18T23:03:18","date_gmt":"2025-04-18T23:03:18","guid":{"rendered":"https:\/\/clinicasades.cl\/?page_id=115"},"modified":"2026-02-24T23:21:04","modified_gmt":"2026-02-24T23:21:04","slug":"somos","status":"publish","type":"page","link":"https:\/\/clinicasades.cl\/index.php\/somos\/","title":{"rendered":"Somos"},"content":{"rendered":"\t\t<div data-elementor-type=\"wp-page\" data-elementor-id=\"115\" class=\"elementor elementor-115\" data-elementor-post-type=\"page\">\n\t\t\t\t<div class=\"elementor-element elementor-element-3338b7c9 e-con-full e-flex e-con e-parent\" data-id=\"3338b7c9\" data-element_type=\"container\" data-core-v316-plus=\"true\">\n\t\t<div class=\"elementor-element elementor-element-3e78d17e e-con-full e-flex e-con e-child\" data-id=\"3e78d17e\" data-element_type=\"container\" data-settings=\"{&quot;background_background&quot;:&quot;classic&quot;}\">\n\t\t\t\t<div class=\"elementor-element elementor-element-52cbeab5 elementor-widget elementor-widget-heading\" data-id=\"52cbeab5\" data-element_type=\"widget\" data-widget_type=\"heading.default\">\n\t\t\t\t<div class=\"elementor-widget-container\">\n\t\t\t<style>\/*! elementor - v3.20.0 - 13-03-2024 *\/\n.elementor-heading-title{padding:0;margin:0;line-height:1}.elementor-widget-heading .elementor-heading-title[class*=elementor-size-]>a{color:inherit;font-size:inherit;line-height:inherit}.elementor-widget-heading .elementor-heading-title.elementor-size-small{font-size:15px}.elementor-widget-heading .elementor-heading-title.elementor-size-medium{font-size:19px}.elementor-widget-heading .elementor-heading-title.elementor-size-large{font-size:29px}.elementor-widget-heading .elementor-heading-title.elementor-size-xl{font-size:39px}.elementor-widget-heading .elementor-heading-title.elementor-size-xxl{font-size:59px}<\/style><h2 class=\"elementor-heading-title elementor-size-default\">Somos<br>  <span style=\"color: #9FB47D;\">Cl\u00ednica SADES.<\/span><\/h2>\t\t<\/div>\n\t\t\t\t<\/div>\n\t\t\t\t<div class=\"elementor-element elementor-element-6ecf0595 elementor-widget elementor-widget-text-editor\" data-id=\"6ecf0595\" data-element_type=\"widget\" data-widget_type=\"text-editor.default\">\n\t\t\t\t<div class=\"elementor-widget-container\">\n\t\t\t<style>\/*! elementor - v3.20.0 - 13-03-2024 *\/\n.elementor-widget-text-editor.elementor-drop-cap-view-stacked .elementor-drop-cap{background-color:#69727d;color:#fff}.elementor-widget-text-editor.elementor-drop-cap-view-framed .elementor-drop-cap{color:#69727d;border:3px solid;background-color:transparent}.elementor-widget-text-editor:not(.elementor-drop-cap-view-default) .elementor-drop-cap{margin-top:8px}.elementor-widget-text-editor:not(.elementor-drop-cap-view-default) .elementor-drop-cap-letter{width:1em;height:1em}.elementor-widget-text-editor .elementor-drop-cap{float:left;text-align:center;line-height:1;font-size:50px}.elementor-widget-text-editor .elementor-drop-cap-letter{display:inline-block}<\/style>\t\t\t\t<p>Cl\u00ednica Santiago Dental Studio naci\u00f3 en 2019 en la comuna de Providencia con una visi\u00f3n clara: ofrecer una atenci\u00f3n odontol\u00f3gica integral, moderna y centrada en las personas. Desde entonces, hemos acompa\u00f1ado a cientos de pacientes en su camino hacia una mejor salud oral y est\u00e9tica.<\/p><p>A partir de Mayo 2025, nos trasladamos a Las Condes, renovando nuestro compromiso con una experiencia m\u00e1s tecnol\u00f3gica, eficiente y personalizada.<\/p>\t\t\t\t\t\t<\/div>\n\t\t\t\t<\/div>\n\t\t\t\t<\/div>\n\t\t<div class=\"elementor-element elementor-element-155312b9 e-con-full e-flex e-con e-child\" data-id=\"155312b9\" data-element_type=\"container\" data-settings=\"{&quot;background_background&quot;:&quot;slideshow&quot;,&quot;background_slideshow_gallery&quot;:[{&quot;id&quot;:243,&quot;url&quot;:&quot;https:\\\/\\\/clinicasades.cl\\\/wp-content\\\/uploads\\\/2026\\\/02\\\/sades-2.jpeg&quot;},{&quot;id&quot;:244,&quot;url&quot;:&quot;https:\\\/\\\/clinicasades.cl\\\/wp-content\\\/uploads\\\/2026\\\/02\\\/sades-3.jpeg&quot;},{&quot;id&quot;:245,&quot;url&quot;:&quot;https:\\\/\\\/clinicasades.cl\\\/wp-content\\\/uploads\\\/2026\\\/02\\\/sades-4.jpeg&quot;},{&quot;id&quot;:246,&quot;url&quot;:&quot;https:\\\/\\\/clinicasades.cl\\\/wp-content\\\/uploads\\\/2026\\\/02\\\/sades-1.jpeg&quot;},{&quot;id&quot;:188,&quot;url&quot;:&quot;https:\\\/\\\/clinicasades.cl\\\/wp-content\\\/uploads\\\/2025\\\/04\\\/Sades-Cirugia.jpeg&quot;},{&quot;id&quot;:63,&quot;url&quot;:&quot;https:\\\/\\\/clinicasades.cl\\\/wp-content\\\/uploads\\\/2025\\\/04\\\/Sades.png&quot;}],&quot;background_slideshow_loop&quot;:&quot;yes&quot;,&quot;background_slideshow_slide_duration&quot;:5000,&quot;background_slideshow_slide_transition&quot;:&quot;fade&quot;,&quot;background_slideshow_transition_duration&quot;:500}\">\n\t\t\t\t<\/div>\n\t\t\t\t<\/div>\n\t\t<div class=\"elementor-element elementor-element-69051d9 e-flex e-con-boxed e-con e-parent\" data-id=\"69051d9\" data-element_type=\"container\" data-core-v316-plus=\"true\">\n\t\t\t\t\t<div class=\"e-con-inner\">\n\t\t<div class=\"elementor-element elementor-element-69015a8 e-con-full e-flex e-con e-child\" data-id=\"69015a8\" data-element_type=\"container\">\n\t\t\t\t<div class=\"elementor-element elementor-element-e5cd49d elementor-view-default elementor-widget elementor-widget-icon\" data-id=\"e5cd49d\" data-element_type=\"widget\" data-widget_type=\"icon.default\">\n\t\t\t\t<div class=\"elementor-widget-container\">\n\t\t\t\t\t<div class=\"elementor-icon-wrapper\">\n\t\t\t<div class=\"elementor-icon\">\n\t\t\t<svg aria-hidden=\"true\" class=\"e-font-icon-svg e-fas-tooth\" viewBox=\"0 0 448 512\" xmlns=\"http:\/\/www.w3.org\/2000\/svg\"><path d=\"M443.98 96.25c-11.01-45.22-47.11-82.06-92.01-93.72-32.19-8.36-63 5.1-89.14 24.33-3.25 2.39-6.96 3.73-10.5 5.48l28.32 18.21c7.42 4.77 9.58 14.67 4.8 22.11-4.46 6.95-14.27 9.86-22.11 4.8L162.83 12.84c-20.7-10.85-43.38-16.4-66.81-10.31-44.9 11.67-81 48.5-92.01 93.72-10.13 41.62-.42 80.81 21.5 110.43 23.36 31.57 32.68 68.66 36.29 107.35 4.4 47.16 10.33 94.16 20.94 140.32l7.8 33.95c3.19 13.87 15.49 23.7 29.67 23.7 13.97 0 26.15-9.55 29.54-23.16l34.47-138.42c4.56-18.32 20.96-31.16 39.76-31.16s35.2 12.85 39.76 31.16l34.47 138.42c3.39 13.61 15.57 23.16 29.54 23.16 14.18 0 26.48-9.83 29.67-23.7l7.8-33.95c10.61-46.15 16.53-93.16 20.94-140.32 3.61-38.7 12.93-75.78 36.29-107.35 21.95-29.61 31.66-68.8 21.53-110.43z\"><\/path><\/svg>\t\t\t<\/div>\n\t\t<\/div>\n\t\t\t\t<\/div>\n\t\t\t\t<\/div>\n\t\t\t\t<div class=\"elementor-element elementor-element-5f99554 elementor-widget elementor-widget-heading\" data-id=\"5f99554\" data-element_type=\"widget\" data-widget_type=\"heading.default\">\n\t\t\t\t<div class=\"elementor-widget-container\">\n\t\t\t<h2 class=\"elementor-heading-title elementor-size-default\">Misi\u00f3n<\/h2>\t\t<\/div>\n\t\t\t\t<\/div>\n\t\t\t\t<div class=\"elementor-element elementor-element-5edc0bab elementor-widget elementor-widget-text-editor\" data-id=\"5edc0bab\" data-element_type=\"widget\" data-widget_type=\"text-editor.default\">\n\t\t\t\t<div class=\"elementor-widget-container\">\n\t\t\t\t\t\t\t<p>Entregar atenci\u00f3n odontol\u00f3gica integral de excelencia, combinando tecnolog\u00eda, experiencia cl\u00ednica y un enfoque humano que promueve la salud oral y el bienestar est\u00e9tico de nuestros pacientes.<\/p>\t\t\t\t\t\t<\/div>\n\t\t\t\t<\/div>\n\t\t\t\t<\/div>\n\t\t<div class=\"elementor-element elementor-element-bca5f57 e-con-full e-flex e-con e-child\" data-id=\"bca5f57\" data-element_type=\"container\">\n\t\t\t\t<div class=\"elementor-element elementor-element-e2334d1 elementor-view-default elementor-widget elementor-widget-icon\" data-id=\"e2334d1\" data-element_type=\"widget\" data-widget_type=\"icon.default\">\n\t\t\t\t<div class=\"elementor-widget-container\">\n\t\t\t\t\t<div class=\"elementor-icon-wrapper\">\n\t\t\t<div class=\"elementor-icon\">\n\t\t\t<svg aria-hidden=\"true\" class=\"e-font-icon-svg e-fas-eye\" viewBox=\"0 0 576 512\" xmlns=\"http:\/\/www.w3.org\/2000\/svg\"><path d=\"M572.52 241.4C518.29 135.59 410.93 64 288 64S57.68 135.64 3.48 241.41a32.35 32.35 0 0 0 0 29.19C57.71 376.41 165.07 448 288 448s230.32-71.64 284.52-177.41a32.35 32.35 0 0 0 0-29.19zM288 400a144 144 0 1 1 144-144 143.93 143.93 0 0 1-144 144zm0-240a95.31 95.31 0 0 0-25.31 3.79 47.85 47.85 0 0 1-66.9 66.9A95.78 95.78 0 1 0 288 160z\"><\/path><\/svg>\t\t\t<\/div>\n\t\t<\/div>\n\t\t\t\t<\/div>\n\t\t\t\t<\/div>\n\t\t\t\t<div class=\"elementor-element elementor-element-5ba7b3b elementor-widget elementor-widget-heading\" data-id=\"5ba7b3b\" data-element_type=\"widget\" data-widget_type=\"heading.default\">\n\t\t\t\t<div class=\"elementor-widget-container\">\n\t\t\t<h2 class=\"elementor-heading-title elementor-size-default\">Visi\u00f3n<\/h2>\t\t<\/div>\n\t\t\t\t<\/div>\n\t\t\t\t<div class=\"elementor-element elementor-element-087cbd0 elementor-widget elementor-widget-text-editor\" data-id=\"087cbd0\" data-element_type=\"widget\" data-widget_type=\"text-editor.default\">\n\t\t\t\t<div class=\"elementor-widget-container\">\n\t\t\t\t\t\t\t<p>Ser reconocidos como una de las cl\u00ednicas dentales l\u00edderes en Santiago, destacando por nuestro trato personalizado, innovaci\u00f3n constante y compromiso con una odontolog\u00eda moderna, \u00e9tica y centrada en las personas.<\/p>\t\t\t\t\t\t<\/div>\n\t\t\t\t<\/div>\n\t\t\t\t<\/div>\n\t\t\t\t\t<\/div>\n\t\t\t\t<\/div>\n\t\t\t\t<\/div>\n\t\t","protected":false},"excerpt":{"rendered":"<p>Somos Cl\u00ednica SADES. Cl\u00ednica Santiago Dental Studio naci\u00f3 en 2019 en la comuna de Providencia con una visi\u00f3n clara: ofrecer una atenci\u00f3n odontol\u00f3gica integral, moderna y centrada en las personas. Desde entonces, hemos acompa\u00f1ado a cientos de pacientes en su camino hacia una mejor salud oral y est\u00e9tica. A partir de Mayo 2025, nos trasladamos [&hellip;]<\/p>\n","protected":false},"author":1,"featured_media":0,"parent":0,"menu_order":0,"comment_status":"closed","ping_status":"closed","template":"elementor_header_footer","meta":{"footnotes":""},"class_list":["post-115","page","type-page","status-publish","hentry"],"_links":{"self":[{"href":"https:\/\/clinicasades.cl\/index.php\/wp-json\/wp\/v2\/pages\/115","targetHints":{"allow":["GET"]}}],"collection":[{"href":"https:\/\/clinicasades.cl\/index.php\/wp-json\/wp\/v2\/pages"}],"about":[{"href":"https:\/\/clinicasades.cl\/index.php\/wp-json\/wp\/v2\/types\/page"}],"author":[{"embeddable":true,"href":"https:\/\/clinicasades.cl\/index.php\/wp-json\/wp\/v2\/users\/1"}],"replies":[{"embeddable":true,"href":"https:\/\/clinicasades.cl\/index.php\/wp-json\/wp\/v2\/comments?post=115"}],"version-history":[{"count":10,"href":"https:\/\/clinicasades.cl\/index.php\/wp-json\/wp\/v2\/pages\/115\/revisions"}],"predecessor-version":[{"id":250,"href":"https:\/\/clinicasades.cl\/index.php\/wp-json\/wp\/v2\/pages\/115\/revisions\/250"}],"wp:attachment":[{"href":"https:\/\/clinicasades.cl\/index.php\/wp-json\/wp\/v2\/media?parent=115"}],"curies":[{"name":"wp","href":"https:\/\/api.w.org\/{rel}","templated":true}]}}